{"id":482,"date":"2020-05-17T14:26:52","date_gmt":"2020-05-17T12:26:52","guid":{"rendered":"http:\/\/www.hotel-regina-wuerzburg.de\/?page_id=482"},"modified":"2020-05-17T14:26:52","modified_gmt":"2020-05-17T12:26:52","slug":"impressum","status":"publish","type":"page","link":"https:\/\/www.hotel-regina-wuerzburg.de\/en\/impressum\/","title":{"rendered":"Impressum"},"content":{"rendered":"<table class=\"wp-block-table\"><tbody><tr><td>Anschrift:<\/td><td><strong>Hotel Regina GmbH<\/strong><br>Haugerring 1<br>97070 W\u00fcrzburg<br>Tel.: 0931 &#8211; 322 39 &#8211; 0<br>Fax: 0931 &#8211; 322 39 &#8211; 113<br><\/td><\/tr><tr><td>Gesch\u00e4ftsf\u00fchrer:<\/td><td>Manfred Seiler<\/td><\/tr><tr><td>Email:<\/td><td><a href=\"mailto:information@hotel-regina-wuerzburg.de\">information@hotel-regina-wuerzburg.de<\/a><\/td><\/tr><tr><td>Webseite:<\/td><td><a href=\"http:\/\/www.hotel-regina-wuerzburg.de\/en\/\">www.hotel-regina-wuerzburg.de<\/a><\/td><\/tr><tr><td>Aufsichtsbeh\u00f6rde und zust\u00e4ndiges Ordnungsamt:<\/td><td>Stadt W\u00fcrzburg&nbsp;<a href=\"https:\/\/www.wuerzburg.de\/buerger\/index.html\">www.w\u00fcrzburg.de<\/a><\/td><\/tr><tr><td>Register \/ Ort:<\/td><td>HRB W\u00fcrzburg<\/td><\/tr><tr><td>Registernummer:<\/td><td>4397<\/td><\/tr><tr><td>Ust.Id.Nr.:<\/td><td>DE 134 173 327 Finanzamt W\u00fcrzburg<\/td><\/tr><tr><\/tr><tr><td>Online-Streitbeteiligung:<\/td><td>Hinweis zur Online-Streitbeteiligung gem\u00e4\u00df Art. 14 Abs. 1 ODR-VO: Die Europ\u00e4ische Komission stellt eine Plattform zur Online-Streitbeteiligung (OS) bereit, die Sie unter&nbsp;<a href=\"https:\/\/ec.europa.eu\/consumers\/odr\/\">https:\/\/ec.europa.eu\/consumers\/odr\/&nbsp;<\/a>finden.<\/td><\/tr><\/tbody><\/table>\n\n\n\n<h3 class=\"wp-block-heading\">Haftungshinweis:<\/h3>\n\n\n\n<p><strong>Haftung f\u00fcr Inhalte Die Inhalte unserer Seiten wurden mit gr\u00f6\u00dfter Sorgfalt erstellt. F\u00fcr die Richtigkeit, Vollst\u00e4ndigkeit und Aktualit\u00e4t der Inhalte k\u00f6nnen wir jedoch keine Gew\u00e4hr \u00fcbernehmen. Als Diensteanbieter sind wir gem\u00e4\u00df \u00a7 7 Abs.1 TMG f\u00fcr eigene Inhalte auf diesen Seiten nach den allgemeinen Gesetzen verantwortlich. Nach \u00a7\u00a7 8 bis 10 TMG sind wir als Diensteanbieter jedoch nicht verpflichtet, \u00fcbermittelte oder gespeicherte fremde Informationen zu \u00fcberwachen oder nach Umst\u00e4nden zu forschen, die auf eine rechtswidrige T\u00e4tigkeit hinweisen. Sobald uns eine entsprechende Rechtsverletzung bekannt wird, werden wir diese Inhalte umgehend entfernen.<\/strong><\/p>\n\n\n\n<h3 class=\"wp-block-heading\">Datenschutzerkl\u00e4rung:<\/h3>\n\n\n\n<p><strong>Die Nutzung unserer Webseite ist in der Regel ohne Angabe personenbezogener Daten m\u00f6glich. Soweit auf unseren Seiten personenbezogene Daten (beispielsweise Name, Anschrift oder E-Mail-Adressen) erhoben werden, erfolgt dies, soweit m\u00f6glich, stets auf freiwilliger Basis. Diese Daten werden ohne Ihre ausdr\u00fcckliche Zustimmung nicht an Dritte weitergegeben. Wir weisen darauf hin, dass die Daten\u00fcbertragung im Internet (z.B. bei der Kommunikation per E-Mail) Sicherheitsl\u00fccken aufweisen kann. Ein l\u00fcckenloser Schutz der Daten vor dem Zugriff durch Dritte ist nicht m\u00f6glich. Der Nutzung von im Rahmen der Impressumspflicht ver\u00f6ffentlichten Kontaktdaten durch Dritte zur \u00dcbersendung von nicht ausdr\u00fccklich angeforderter Werbung und Informationsmaterialien wird hiermit ausdr\u00fccklich widersprochen Der Reservierungsvorgang und die Preisauskunft (&#8222;Suchen &amp; Buchen) erfolgt \u00fcber den Dienstanbieter &#8222;DIRS21&#8220; (Tour Online AG Borsigstr. 26 73249 Wernau Deutschland. Personenbezogene Daten werden ausschlie\u00dflich zum Zwecke der Abwicklung der Reservierung an DIRS 21 weitergegeben. Details zum Datenschutz bei DIRS21 und die Datenschutzerkl\u00e4rung der Tour Online AG sind auf der Internetseite von Tour Online unter &#8222;dirs21.de&#8220; einsehbar. .<\/strong><\/p>\n\n\n\n<h3 class=\"wp-block-heading\">Urheberrecht<\/h3>\n\n\n\n<p><strong>Die durch die Seitenbetreiber erstellten Inhalte und Werke auf diesen Seiten unterliegen dem deutschen Urheberrecht. Die Vervielf\u00e4ltigung, Bearbeitung, Verbreitung und jede Art der Verwertung au\u00dferhalb der Grenzen des Urheberrechtes bed\u00fcrfen der schriftlichen Zustimmung des &#8222;Hotel Regina&#8220;. Downloads und Kopien dieser Seite sind nur f\u00fcr den privaten, nicht kommerziellen Gebrauch gestattet. Soweit die Inhalte auf dieser Seite nicht vom Betreiber erstellt wurden, werden die Urheberrechte Dritter beachtet. Sollten Sie trotzdem auf eine Urheberrechtsverletzung aufmerksam werden, bitten wir um einen entsprechenden Hinweis. Bei Bekanntwerden von Rechtsverletzungen werden wir derartige Inhalte umgehend entfernen.<\/strong><\/p>\n\n\n\n<h3 class=\"wp-block-heading\">Weitere Informationen und Kontakte<\/h3>\n\n\n\n<p><strong>Ihre Daten werden ohne Ihre ausdr\u00fcckliche Einwilligung zur Vertragsanbahnung und Abwicklung des Beherbergungsvertrages gespeichert und genutzt. Nach vollst\u00e4ndiger Abwicklung des Vertrages werden Ihre Daten mit R\u00fccksicht auf steuer- und handelsrechtliche Aufbewahrungsfristen gespeichert, nach Ablauf dieser Fristen jedoch gel\u00f6scht. Steuerrelevante Daten werden nach zehn Jahren, Meldedaten vom Meldeschein Art 26 und 27 Meldegesetz nach einem Jahr vernichtet. Sie haben ein Recht auf unentgeltliche Auskunft \u00fcber Ihre gespeicherten Daten sowie ggf. ein Recht auf Berichtigung, Sperrung oder L\u00f6schung dieser Daten. Wenn Sie weitere Fragen zur Erhebung, Verarbeitung oder Nutzung Ihrer personenbezogenen Daten haben, kontaktieren Sie uns bitte unter den oben genannten Kontaktdaten. Gleiches gilt f\u00fcr Ausk\u00fcnfte, Sperrung, L\u00f6schungs- und Berichtigungsw\u00fcnsche hinsichtlich Ihrer personenbezogenen Daten.<\/strong><\/p>\n\n\n\n<h3 class=\"wp-block-heading\">Einsatz von Google Analytics<\/h3>\n\n\n\n<p><strong>Diese Website benutzt Google Analytics, einen Webanalysedienst der Google Inc. (&#8222;Google&#8220;). Google Analytics verwendet sog. &#8222;Cookies&#8220;, Textdateien, die auf Ihrem Computer gespeichert werden und die eine Analyse der Benutzung der Website durch Sie erm\u00f6glichen. Die durch den Cookie erzeugten Informationen \u00fcber Ihre Benutzung dieser Website werden in der Regel an einen Server von Google in den USA \u00fcbertragen und dort gespeichert. Im Falle der Aktivierung der IP-Anonymisierung auf dieser Webseite, wird Ihre IP-Adresse von Google jedoch innerhalb von Mitgliedstaaten der Europ\u00e4ischen Union oder in anderen Vertragsstaaten des Abkommens \u00fcber den Europ\u00e4ischen Wirtschaftsraum zuvor gek\u00fcrzt. Nur in Ausnahmef\u00e4llen wird die volle IP-Adresse an einen Server von Google in den USA \u00fcbertragen und dort gek\u00fcrzt. Im Auftrag des Betreibers dieser Website wird Google diese Informationen benutzen, um Ihre Nutzung der Website auszuwerten, um Reports \u00fcber die Websiteaktivit\u00e4ten zusammenzustellen und um weitere mit der Websitenutzung und der Internetnutzung verbundene Dienstleistungen gegen\u00fcber dem Websitebetreiber zu erbringen. Die im Rahmen von Google Analytics von Ihrem Browser \u00fcbermittelte IP-Adresse wird nicht mit anderen Daten von Google zusammengef\u00fchrt. Sie k\u00f6nnen die Speicherung der Cookies durch eine entsprechende Einstellung Ihrer Browser-Software verhindern; wir weisen Sie jedoch darauf hin, dass Sie in diesem Fall gegebenenfalls nicht s\u00e4mtliche Funktionen dieser Website vollumf\u00e4nglich werden nutzen k\u00f6nnen. Sie k\u00f6nnen dar\u00fcber hinaus die Erfassung der durch das Cookie erzeugten und auf Ihre Nutzung der Website bezogenen Daten (inkl. Ihrer IP-Adresse) an Google sowie die Verarbeitung dieser Daten durch Google verhindern, indem sie das unter dem folgenden Link verf\u00fcgbare Browser-Plugin herunterladen und installieren: http:\/\/tools.google.com\/dlpage\/gaoptout?hl=de .<\/strong><\/p>","protected":false},"excerpt":{"rendered":"<p>Anschrift: Hotel Regina GmbHHaugerring 197070 W\u00fcrzburgTel.: 0931 &#8211; 322 39 &#8211; 0Fax: 0931 &#8211; 322 39 &#8211; 113 Gesch\u00e4ftsf\u00fchrer: Manfred Seiler Email: information@hotel-regina-wuerzburg.de Webseite: www.hotel-regina-wuerzburg.de Aufsichtsbeh\u00f6rde und zust\u00e4ndiges Ordnungsamt: Stadt W\u00fcrzburg&nbsp;www.w\u00fcrzburg.de Register \/ Ort: HRB W\u00fcrzburg Registernummer: 4397 Ust.Id.Nr.: DE 134 173 327 Finanzamt W\u00fcrzburg Online-Streitbeteiligung: Hinweis zur Online-Streitbeteiligung gem\u00e4\u00df Art. 14 Abs. 1 ODR-VO: [&hellip;]<\/p>","protected":false},"author":1,"featured_media":0,"parent":0,"menu_order":0,"comment_status":"closed","ping_status":"closed","template":"","meta":{"ocean_post_layout":"","ocean_both_sidebars_style":"","ocean_both_sidebars_content_width":0,"ocean_both_sidebars_sidebars_width":0,"ocean_sidebar":"0","ocean_second_sidebar":"0","ocean_disable_margins":"enable","ocean_add_body_class":"","ocean_shortcode_before_top_bar":"","ocean_shortcode_after_top_bar":"","ocean_shortcode_before_header":"","ocean_shortcode_after_header":"","ocean_has_shortcode":"","ocean_shortcode_after_title":"","ocean_shortcode_before_footer_widgets":"","ocean_shortcode_after_footer_widgets":"","ocean_shortcode_before_footer_bottom":"","ocean_shortcode_after_footer_bottom":"","ocean_display_top_bar":"default","ocean_display_header":"default","ocean_header_style":"","ocean_center_header_left_menu":"0","ocean_custom_header_template":"0","ocean_custom_logo":0,"ocean_custom_retina_logo":0,"ocean_custom_logo_max_width":0,"ocean_custom_logo_tablet_max_width":0,"ocean_custom_logo_mobile_max_width":0,"ocean_custom_logo_max_height":0,"ocean_custom_logo_tablet_max_height":0,"ocean_custom_logo_mobile_max_height":0,"ocean_header_custom_menu":"0","ocean_menu_typo_font_family":"0","ocean_menu_typo_font_subset":"","ocean_menu_typo_font_size":0,"ocean_menu_typo_font_size_tablet":0,"ocean_menu_typo_font_size_mobile":0,"ocean_menu_typo_font_size_unit":"px","ocean_menu_typo_font_weight":"","ocean_menu_typo_font_weight_tablet":"","ocean_menu_typo_font_weight_mobile":"","ocean_menu_typo_transform":"","ocean_menu_typo_transform_tablet":"","ocean_menu_typo_transform_mobile":"","ocean_menu_typo_line_height":0,"ocean_menu_typo_line_height_tablet":0,"ocean_menu_typo_line_height_mobile":0,"ocean_menu_typo_line_height_unit":"","ocean_menu_typo_spacing":0,"ocean_menu_typo_spacing_tablet":0,"ocean_menu_typo_spacing_mobile":0,"ocean_menu_typo_spacing_unit":"","ocean_menu_link_color":"","ocean_menu_link_color_hover":"","ocean_menu_link_color_active":"","ocean_menu_link_background":"","ocean_menu_link_hover_background":"","ocean_menu_link_active_background":"","ocean_menu_social_links_bg":"","ocean_menu_social_hover_links_bg":"","ocean_menu_social_links_color":"","ocean_menu_social_hover_links_color":"","ocean_disable_title":"default","ocean_disable_heading":"default","ocean_post_title":"","ocean_post_subheading":"","ocean_post_title_style":"","ocean_post_title_background_color":"","ocean_post_title_background":0,"ocean_post_title_bg_image_position":"","ocean_post_title_bg_image_attachment":"","ocean_post_title_bg_image_repeat":"","ocean_post_title_bg_image_size":"","ocean_post_title_height":0,"ocean_post_title_bg_overlay":0.5,"ocean_post_title_bg_overlay_color":"","ocean_disable_breadcrumbs":"default","ocean_breadcrumbs_color":"","ocean_breadcrumbs_separator_color":"","ocean_breadcrumbs_links_color":"","ocean_breadcrumbs_links_hover_color":"","ocean_display_footer_widgets":"default","ocean_display_footer_bottom":"default","ocean_custom_footer_template":"0","footnotes":""},"class_list":["post-482","page","type-page","status-publish","hentry","entry"],"_links":{"self":[{"href":"https:\/\/www.hotel-regina-wuerzburg.de\/en\/wp-json\/wp\/v2\/pages\/482","targetHints":{"allow":["GET"]}}],"collection":[{"href":"https:\/\/www.hotel-regina-wuerzburg.de\/en\/wp-json\/wp\/v2\/pages"}],"about":[{"href":"https:\/\/www.hotel-regina-wuerzburg.de\/en\/wp-json\/wp\/v2\/types\/page"}],"author":[{"embeddable":true,"href":"https:\/\/www.hotel-regina-wuerzburg.de\/en\/wp-json\/wp\/v2\/users\/1"}],"replies":[{"embeddable":true,"href":"https:\/\/www.hotel-regina-wuerzburg.de\/en\/wp-json\/wp\/v2\/comments?post=482"}],"version-history":[{"count":1,"href":"https:\/\/www.hotel-regina-wuerzburg.de\/en\/wp-json\/wp\/v2\/pages\/482\/revisions"}],"predecessor-version":[{"id":483,"href":"https:\/\/www.hotel-regina-wuerzburg.de\/en\/wp-json\/wp\/v2\/pages\/482\/revisions\/483"}],"wp:attachment":[{"href":"https:\/\/www.hotel-regina-wuerzburg.de\/en\/wp-json\/wp\/v2\/media?parent=482"}],"curies":[{"name":"wp","href":"https:\/\/api.w.org\/{rel}","templated":true}]}}